{"id":395,"date":"2024-08-19T02:50:29","date_gmt":"2024-08-19T02:50:29","guid":{"rendered":"https:\/\/erabranding.com.br\/?page_id=395"},"modified":"2024-11-13T21:55:35","modified_gmt":"2024-11-13T21:55:35","slug":"home-copy","status":"publish","type":"page","link":"https:\/\/erabranding.com.br\/?page_id=395","title":{"rendered":"Home 2025"},"content":{"rendered":"\t\t<div data-elementor-type=\"wp-page\" data-elementor-id=\"395\" class=\"elementor elementor-395\">\n\t\t\t\t<div class=\"elementor-element elementor-element-c647360 e-flex e-con-boxed e-con e-parent\" data-id=\"c647360\" data-element_type=\"container\" data-settings=\"{&quot;background_background&quot;:&quot;classic&quot;}\">\n\t\t\t\t\t<div class=\"e-con-inner\">\n\t\t<div class=\"elementor-element elementor-element-0da18cb e-con-full e-grid e-con e-child\" data-id=\"0da18cb\" data-element_type=\"container\">\n\t\t\t\t<div class=\"elementor-element elementor-element-6019abf elementor-widget__width-initial elementor-widget elementor-widget-image\" data-id=\"6019abf\" data-element_type=\"widget\" data-widget_type=\"image.default\">\n\t\t\t\t<div class=\"elementor-widget-container\">\n\t\t\t\t\t\t\t\t\t\t\t\t\t<img decoding=\"async\" width=\"365\" height=\"44\" src=\"https:\/\/erabranding.com.br\/wp-content\/uploads\/2024\/10\/logo-era-branding-banner-principal.png\" class=\"attachment-full size-full wp-image-521\" alt=\"\" srcset=\"https:\/\/erabranding.com.br\/wp-content\/uploads\/2024\/10\/logo-era-branding-banner-principal.png 365w, https:\/\/erabranding.com.br\/wp-content\/uploads\/2024\/10\/logo-era-branding-banner-principal-300x36.png 300w\" sizes=\"(max-width: 365px) 100vw, 365px\" \/>\t\t\t\t\t\t\t\t\t\t\t\t\t<\/div>\n\t\t\t\t<\/div>\n\t\t\t\t<div class=\"elementor-element elementor-element-eb7def9 elementor-widget elementor-widget-text-editor\" data-id=\"eb7def9\" data-element_type=\"widget\" data-widget_type=\"text-editor.default\">\n\t\t\t\t<div class=\"elementor-widget-container\">\n\t\t\t\t\t\t\t<p>uma marca na sua hist\u00f3ria<\/p>\t\t\t\t\t\t<\/div>\n\t\t\t\t<\/div>\n\t\t\t\t<\/div>\n\t\t<div class=\"elementor-element elementor-element-d7d1945 e-con-full e-flex e-con e-child\" data-id=\"d7d1945\" data-element_type=\"container\">\n\t\t\t\t<div class=\"elementor-element elementor-element-be815e4 elementor-widget__width-initial elementor-widget elementor-widget-video\" data-id=\"be815e4\" data-element_type=\"widget\" data-settings=\"{&quot;youtube_url&quot;:&quot;https:\\\/\\\/www.youtube.com\\\/watch?v=XHOmBV4js_E&quot;,&quot;video_type&quot;:&quot;youtube&quot;,&quot;controls&quot;:&quot;yes&quot;}\" data-widget_type=\"video.default\">\n\t\t\t\t<div class=\"elementor-widget-container\">\n\t\t\t\t\t<div class=\"elementor-wrapper elementor-open-inline\">\n\t\t\t<div class=\"elementor-video\"><\/div>\t\t<\/div>\n\t\t\t\t<\/div>\n\t\t\t\t<\/div>\n\t\t\t\t<\/div>\n\t\t\t\t\t<\/div>\n\t\t\t\t<\/div>\n\t\t<div class=\"elementor-element elementor-element-51502ed e-flex e-con-boxed e-con e-parent\" data-id=\"51502ed\" data-element_type=\"container\" data-settings=\"{&quot;background_background&quot;:&quot;classic&quot;}\">\n\t\t\t\t\t<div class=\"e-con-inner\">\n\t\t\t\t<div class=\"elementor-element elementor-element-39a2011 elementor-widget elementor-widget-image\" data-id=\"39a2011\" data-element_type=\"widget\" data-widget_type=\"image.default\">\n\t\t\t\t<div class=\"elementor-widget-container\">\n\t\t\t\t\t\t\t\t\t\t\t\t\t<img fetchpriority=\"high\" decoding=\"async\" width=\"958\" height=\"297\" src=\"https:\/\/erabranding.com.br\/wp-content\/uploads\/2024\/10\/comecamos-pela-essencia.png\" class=\"attachment-large size-large wp-image-522\" alt=\"\" srcset=\"https:\/\/erabranding.com.br\/wp-content\/uploads\/2024\/10\/comecamos-pela-essencia.png 958w, https:\/\/erabranding.com.br\/wp-content\/uploads\/2024\/10\/comecamos-pela-essencia-300x93.png 300w, https:\/\/erabranding.com.br\/wp-content\/uploads\/2024\/10\/comecamos-pela-essencia-768x238.png 768w\" sizes=\"(max-width: 958px) 100vw, 958px\" \/>\t\t\t\t\t\t\t\t\t\t\t\t\t<\/div>\n\t\t\t\t<\/div>\n\t\t\t\t<div class=\"elementor-element elementor-element-66ddc55 elementor-widget-tablet__width-initial elementor-widget-mobile__width-initial elementor-widget__width-initial elementor-widget elementor-widget-text-editor\" data-id=\"66ddc55\" data-element_type=\"widget\" data-widget_type=\"text-editor.default\">\n\t\t\t\t<div class=\"elementor-widget-container\">\n\t\t\t\t\t\t\t<p>entregamos posicionamento de marca<\/p>\t\t\t\t\t\t<\/div>\n\t\t\t\t<\/div>\n\t\t\t\t<div class=\"elementor-element elementor-element-46dda17 elementor-align-right elementor-widget__width-initial elementor-widget elementor-widget-button\" data-id=\"46dda17\" data-element_type=\"widget\" data-widget_type=\"button.default\">\n\t\t\t\t<div class=\"elementor-widget-container\">\n\t\t\t\t\t\t\t<div class=\"elementor-button-wrapper\">\n\t\t\t\t\t<a class=\"elementor-button elementor-button-link elementor-size-sm\" href=\"#\">\n\t\t\t\t\t\t<span class=\"elementor-button-content-wrapper\">\n\t\t\t\t\t\t\t\t\t<span class=\"elementor-button-text\">FALE CONOSCO<\/span>\n\t\t\t\t\t<\/span>\n\t\t\t\t\t<\/a>\n\t\t\t\t<\/div>\n\t\t\t\t\t\t<\/div>\n\t\t\t\t<\/div>\n\t\t\t\t\t<\/div>\n\t\t\t\t<\/div>\n\t\t<div class=\"elementor-element elementor-element-02953e6 e-flex e-con-boxed e-con e-parent\" data-id=\"02953e6\" data-element_type=\"container\" data-settings=\"{&quot;background_background&quot;:&quot;classic&quot;}\">\n\t\t\t\t\t<div class=\"e-con-inner\">\n\t\t<div class=\"elementor-element elementor-element-6ea3c86 e-con-full e-flex e-con e-child\" data-id=\"6ea3c86\" data-element_type=\"container\">\n\t\t<div class=\"elementor-element elementor-element-242a0dd e-con-full e-flex e-con e-child\" data-id=\"242a0dd\" data-element_type=\"container\">\n\t\t\t\t<div class=\"elementor-element elementor-element-30a3ca3 elementor-widget elementor-widget-heading\" data-id=\"30a3ca3\" data-element_type=\"widget\" data-widget_type=\"heading.default\">\n\t\t\t\t<div class=\"elementor-widget-container\">\n\t\t\t<h2 class=\"elementor-heading-title elementor-size-default\">nossos projetos<\/h2>\t\t<\/div>\n\t\t\t\t<\/div>\n\t\t\t\t<\/div>\n\t\t\t\t<\/div>\n\t\t<div class=\"elementor-element elementor-element-fcbd9d2 e-con-full e-flex e-con e-child\" data-id=\"fcbd9d2\" data-element_type=\"container\" data-settings=\"{&quot;background_background&quot;:&quot;classic&quot;}\">\n\t\t\t\t<div class=\"elementor-element elementor-element-92d5274 elementor-widget elementor-widget-image-gallery\" data-id=\"92d5274\" data-element_type=\"widget\" data-widget_type=\"image-gallery.default\">\n\t\t\t\t<div class=\"elementor-widget-container\">\n\t\t\t\t\t<div class=\"elementor-image-gallery\">\n\t\t\t<div id='gallery-1' class='gallery galleryid-395 gallery-columns-1 gallery-size-medium_large'><figure class='gallery-item'>\n\t\t\t<div class='gallery-icon landscape'>\n\t\t\t\t<img decoding=\"async\" width=\"705\" height=\"339\" src=\"https:\/\/erabranding.com.br\/wp-content\/uploads\/2024\/11\/thumb-saber-arq.png\" class=\"attachment-medium_large size-medium_large\" alt=\"\" srcset=\"https:\/\/erabranding.com.br\/wp-content\/uploads\/2024\/11\/thumb-saber-arq.png 705w, https:\/\/erabranding.com.br\/wp-content\/uploads\/2024\/11\/thumb-saber-arq-300x144.png 300w\" sizes=\"(max-width: 705px) 100vw, 705px\" \/>\n\t\t\t<\/div><\/figure><figure class='gallery-item'>\n\t\t\t<div class='gallery-icon landscape'>\n\t\t\t\t<img loading=\"lazy\" decoding=\"async\" width=\"704\" height=\"338\" src=\"https:\/\/erabranding.com.br\/wp-content\/uploads\/2024\/11\/thumb-Pecados.png\" class=\"attachment-medium_large size-medium_large\" alt=\"\" srcset=\"https:\/\/erabranding.com.br\/wp-content\/uploads\/2024\/11\/thumb-Pecados.png 704w, https:\/\/erabranding.com.br\/wp-content\/uploads\/2024\/11\/thumb-Pecados-300x144.png 300w\" sizes=\"(max-width: 704px) 100vw, 704px\" \/>\n\t\t\t<\/div><\/figure><figure class='gallery-item'>\n\t\t\t<div class='gallery-icon landscape'>\n\t\t\t\t<img loading=\"lazy\" decoding=\"async\" width=\"704\" height=\"338\" src=\"https:\/\/erabranding.com.br\/wp-content\/uploads\/2024\/11\/thumb-Funn.png\" class=\"attachment-medium_large size-medium_large\" alt=\"\" srcset=\"https:\/\/erabranding.com.br\/wp-content\/uploads\/2024\/11\/thumb-Funn.png 704w, https:\/\/erabranding.com.br\/wp-content\/uploads\/2024\/11\/thumb-Funn-300x144.png 300w\" sizes=\"(max-width: 704px) 100vw, 704px\" \/>\n\t\t\t<\/div><\/figure><figure class='gallery-item'>\n\t\t\t<div class='gallery-icon landscape'>\n\t\t\t\t<img loading=\"lazy\" decoding=\"async\" width=\"704\" height=\"338\" src=\"https:\/\/erabranding.com.br\/wp-content\/uploads\/2024\/11\/thumb-Soller.png\" class=\"attachment-medium_large size-medium_large\" alt=\"\" srcset=\"https:\/\/erabranding.com.br\/wp-content\/uploads\/2024\/11\/thumb-Soller.png 704w, https:\/\/erabranding.com.br\/wp-content\/uploads\/2024\/11\/thumb-Soller-300x144.png 300w\" sizes=\"(max-width: 704px) 100vw, 704px\" \/>\n\t\t\t<\/div><\/figure>\n\t\t<\/div>\n\t\t<\/div>\n\t\t\t\t<\/div>\n\t\t\t\t<\/div>\n\t\t\t\t<\/div>\n\t\t\t\t\t<\/div>\n\t\t\t\t<\/div>\n\t\t<div class=\"elementor-element elementor-element-2dc1337 e-flex e-con-boxed e-con e-parent\" data-id=\"2dc1337\" data-element_type=\"container\" data-settings=\"{&quot;background_background&quot;:&quot;classic&quot;}\">\n\t\t\t\t\t<div class=\"e-con-inner\">\n\t\t\t\t<div class=\"elementor-element elementor-element-b4ceb42 elementor-widget elementor-widget-heading\" data-id=\"b4ceb42\" data-element_type=\"widget\" data-widget_type=\"heading.default\">\n\t\t\t\t<div class=\"elementor-widget-container\">\n\t\t\t<h3 class=\"elementor-heading-title elementor-size-default\">nossos servi\u00e7os<\/h3>\t\t<\/div>\n\t\t\t\t<\/div>\n\t\t<div class=\"elementor-element elementor-element-5cb1dcb e-grid e-con-full e-con e-child\" data-id=\"5cb1dcb\" data-element_type=\"container\">\n\t\t\t\t<div class=\"elementor-element elementor-element-ff4f68a elementor-widget elementor-widget-image\" data-id=\"ff4f68a\" data-element_type=\"widget\" data-widget_type=\"image.default\">\n\t\t\t\t<div class=\"elementor-widget-container\">\n\t\t\t\t\t\t\t\t\t\t\t\t\t<img loading=\"lazy\" decoding=\"async\" width=\"195\" height=\"405\" src=\"https:\/\/erabranding.com.br\/wp-content\/uploads\/2024\/10\/branding_1.png\" class=\"attachment-large size-large wp-image-538\" alt=\"\" srcset=\"https:\/\/erabranding.com.br\/wp-content\/uploads\/2024\/10\/branding_1.png 195w, https:\/\/erabranding.com.br\/wp-content\/uploads\/2024\/10\/branding_1-144x300.png 144w\" sizes=\"(max-width: 195px) 100vw, 195px\" \/>\t\t\t\t\t\t\t\t\t\t\t\t\t<\/div>\n\t\t\t\t<\/div>\n\t\t\t\t<div class=\"elementor-element elementor-element-1fd90b2 elementor-widget elementor-widget-image\" data-id=\"1fd90b2\" data-element_type=\"widget\" data-widget_type=\"image.default\">\n\t\t\t\t<div class=\"elementor-widget-container\">\n\t\t\t\t\t\t\t\t\t\t\t\t\t<img loading=\"lazy\" decoding=\"async\" width=\"195\" height=\"405\" src=\"https:\/\/erabranding.com.br\/wp-content\/uploads\/2024\/10\/identidade-visual_1.png\" class=\"attachment-large size-large wp-image-534\" alt=\"\" srcset=\"https:\/\/erabranding.com.br\/wp-content\/uploads\/2024\/10\/identidade-visual_1.png 195w, https:\/\/erabranding.com.br\/wp-content\/uploads\/2024\/10\/identidade-visual_1-144x300.png 144w\" sizes=\"(max-width: 195px) 100vw, 195px\" \/>\t\t\t\t\t\t\t\t\t\t\t\t\t<\/div>\n\t\t\t\t<\/div>\n\t\t\t\t<div class=\"elementor-element elementor-element-442658f elementor-widget elementor-widget-image\" data-id=\"442658f\" data-element_type=\"widget\" data-widget_type=\"image.default\">\n\t\t\t\t<div class=\"elementor-widget-container\">\n\t\t\t\t\t\t\t\t\t\t\t\t\t<img loading=\"lazy\" decoding=\"async\" width=\"195\" height=\"405\" src=\"https:\/\/erabranding.com.br\/wp-content\/uploads\/2024\/10\/motion_1.png\" class=\"attachment-large size-large wp-image-533\" alt=\"\" srcset=\"https:\/\/erabranding.com.br\/wp-content\/uploads\/2024\/10\/motion_1.png 195w, https:\/\/erabranding.com.br\/wp-content\/uploads\/2024\/10\/motion_1-144x300.png 144w\" sizes=\"(max-width: 195px) 100vw, 195px\" \/>\t\t\t\t\t\t\t\t\t\t\t\t\t<\/div>\n\t\t\t\t<\/div>\n\t\t\t\t<div class=\"elementor-element elementor-element-d8a96b6 elementor-widget elementor-widget-image\" data-id=\"d8a96b6\" data-element_type=\"widget\" data-widget_type=\"image.default\">\n\t\t\t\t<div class=\"elementor-widget-container\">\n\t\t\t\t\t\t\t\t\t\t\t\t\t<img loading=\"lazy\" decoding=\"async\" width=\"195\" height=\"405\" src=\"https:\/\/erabranding.com.br\/wp-content\/uploads\/2024\/10\/experiencia-de-marcas.png\" class=\"attachment-large size-large wp-image-535\" alt=\"\" srcset=\"https:\/\/erabranding.com.br\/wp-content\/uploads\/2024\/10\/experiencia-de-marcas.png 195w, https:\/\/erabranding.com.br\/wp-content\/uploads\/2024\/10\/experiencia-de-marcas-144x300.png 144w\" sizes=\"(max-width: 195px) 100vw, 195px\" \/>\t\t\t\t\t\t\t\t\t\t\t\t\t<\/div>\n\t\t\t\t<\/div>\n\t\t\t\t<div class=\"elementor-element elementor-element-ce5b3c1 elementor-widget elementor-widget-image\" data-id=\"ce5b3c1\" data-element_type=\"widget\" data-widget_type=\"image.default\">\n\t\t\t\t<div class=\"elementor-widget-container\">\n\t\t\t\t\t\t\t\t\t\t\t\t\t<img loading=\"lazy\" decoding=\"async\" width=\"195\" height=\"405\" src=\"https:\/\/erabranding.com.br\/wp-content\/uploads\/2024\/10\/construcao-de-sites.png\" class=\"attachment-large size-large wp-image-537\" alt=\"\" srcset=\"https:\/\/erabranding.com.br\/wp-content\/uploads\/2024\/10\/construcao-de-sites.png 195w, https:\/\/erabranding.com.br\/wp-content\/uploads\/2024\/10\/construcao-de-sites-144x300.png 144w\" sizes=\"(max-width: 195px) 100vw, 195px\" \/>\t\t\t\t\t\t\t\t\t\t\t\t\t<\/div>\n\t\t\t\t<\/div>\n\t\t\t\t<div class=\"elementor-element elementor-element-b38ef75 elementor-widget elementor-widget-image\" data-id=\"b38ef75\" data-element_type=\"widget\" data-widget_type=\"image.default\">\n\t\t\t\t<div class=\"elementor-widget-container\">\n\t\t\t\t\t\t\t\t\t\t\t\t\t<img loading=\"lazy\" decoding=\"async\" width=\"195\" height=\"405\" src=\"https:\/\/erabranding.com.br\/wp-content\/uploads\/2024\/10\/conteudos-audiovisuais.png\" class=\"attachment-large size-large wp-image-536\" alt=\"\" srcset=\"https:\/\/erabranding.com.br\/wp-content\/uploads\/2024\/10\/conteudos-audiovisuais.png 195w, https:\/\/erabranding.com.br\/wp-content\/uploads\/2024\/10\/conteudos-audiovisuais-144x300.png 144w\" sizes=\"(max-width: 195px) 100vw, 195px\" \/>\t\t\t\t\t\t\t\t\t\t\t\t\t<\/div>\n\t\t\t\t<\/div>\n\t\t\t\t<\/div>\n\t\t\t\t<div class=\"elementor-element elementor-element-6c89e3b elementor-align-center elementor-widget elementor-widget-button\" data-id=\"6c89e3b\" data-element_type=\"widget\" data-widget_type=\"button.default\">\n\t\t\t\t<div class=\"elementor-widget-container\">\n\t\t\t\t\t\t\t<div class=\"elementor-button-wrapper\">\n\t\t\t\t\t<a class=\"elementor-button elementor-button-link elementor-size-sm\" href=\"#\">\n\t\t\t\t\t\t<span class=\"elementor-button-content-wrapper\">\n\t\t\t\t\t\t\t\t\t<span class=\"elementor-button-text\">FALE CONOSCO<\/span>\n\t\t\t\t\t<\/span>\n\t\t\t\t\t<\/a>\n\t\t\t\t<\/div>\n\t\t\t\t\t\t<\/div>\n\t\t\t\t<\/div>\n\t\t\t\t\t<\/div>\n\t\t\t\t<\/div>\n\t\t<div class=\"elementor-element elementor-element-f5dc14d e-flex e-con-boxed e-con e-parent\" data-id=\"f5dc14d\" data-element_type=\"container\" data-settings=\"{&quot;background_background&quot;:&quot;classic&quot;}\">\n\t\t\t\t\t<div class=\"e-con-inner\">\n\t\t<div class=\"elementor-element elementor-element-820a726 e-con-full e-flex e-con e-child\" data-id=\"820a726\" data-element_type=\"container\">\n\t\t\t\t<div class=\"elementor-element elementor-element-cd80a67 elementor-widget elementor-widget-heading\" data-id=\"cd80a67\" data-element_type=\"widget\" data-widget_type=\"heading.default\">\n\t\t\t\t<div class=\"elementor-widget-container\">\n\t\t\t<h2 class=\"elementor-heading-title elementor-size-default\">quem somos<\/h2>\t\t<\/div>\n\t\t\t\t<\/div>\n\t\t\t\t<div class=\"elementor-element elementor-element-c435044 elementor-widget elementor-widget-text-editor\" data-id=\"c435044\" data-element_type=\"widget\" data-widget_type=\"text-editor.default\">\n\t\t\t\t<div class=\"elementor-widget-container\">\n\t\t\t\t\t\t\t<strong>Somos um estudio criativo online dedicado a elevar marcas por meio de solu\u00e7\u00f5es criativas, \u00fanicas e personalizadas.<\/strong>\n<p>Desde 2021, ajudamos empresas a se destacarem no mercado com designs e estrat\u00e9gias que comunicam valor, conquistam confian\u00e7a e deixam uma impress\u00e3o duradoura. Nossa equipe \u00e9 apaixonada por criar visuais que refletem a ess\u00eancia de cada marca, com um compromisso inabal\u00e1vel com a qualidade e a inova\u00e7\u00e3o.\t\t\t\t\t\t<\/div>\n\t\t\t\t<\/div>\n\t\t\t\t<\/div>\n\t\t<div class=\"elementor-element elementor-element-e89bfb3 e-con-full e-flex e-con e-child\" data-id=\"e89bfb3\" data-element_type=\"container\">\n\t\t\t\t<div class=\"elementor-element elementor-element-1ae5e9f elementor-widget__width-initial elementor-widget elementor-widget-image\" data-id=\"1ae5e9f\" data-element_type=\"widget\" data-widget_type=\"image.default\">\n\t\t\t\t<div class=\"elementor-widget-container\">\n\t\t\t\t\t\t\t\t\t\t\t\t\t<img loading=\"lazy\" decoding=\"async\" width=\"717\" height=\"718\" src=\"https:\/\/erabranding.com.br\/wp-content\/uploads\/2024\/10\/nos-3.png\" class=\"attachment-full size-full wp-image-546\" alt=\"\" srcset=\"https:\/\/erabranding.com.br\/wp-content\/uploads\/2024\/10\/nos-3.png 717w, https:\/\/erabranding.com.br\/wp-content\/uploads\/2024\/10\/nos-3-300x300.png 300w, https:\/\/erabranding.com.br\/wp-content\/uploads\/2024\/10\/nos-3-150x150.png 150w\" sizes=\"(max-width: 717px) 100vw, 717px\" \/>\t\t\t\t\t\t\t\t\t\t\t\t\t<\/div>\n\t\t\t\t<\/div>\n\t\t\t\t<\/div>\n\t\t\t\t\t<\/div>\n\t\t\t\t<\/div>\n\t\t<div class=\"elementor-element elementor-element-aa5051b e-flex e-con-boxed e-con e-parent\" data-id=\"aa5051b\" data-element_type=\"container\" data-settings=\"{&quot;background_background&quot;:&quot;classic&quot;}\">\n\t\t\t\t\t<div class=\"e-con-inner\">\n\t\t\t\t<div class=\"elementor-element elementor-element-b7f0f9f elementor-widget__width-initial elementor-widget elementor-widget-heading\" data-id=\"b7f0f9f\" data-element_type=\"widget\" data-widget_type=\"heading.default\">\n\t\t\t\t<div class=\"elementor-widget-container\">\n\t\t\t<h3 class=\"elementor-heading-title elementor-size-default\">marcas na nossa hist\u00f3ria<\/h3>\t\t<\/div>\n\t\t\t\t<\/div>\n\t\t<div class=\"elementor-element elementor-element-52b69c3 e-con-full e-flex e-con e-child\" data-id=\"52b69c3\" data-element_type=\"container\" data-settings=\"{&quot;background_background&quot;:&quot;classic&quot;}\">\n\t\t\t\t<div class=\"elementor-element elementor-element-b645994 elementor-widget elementor-widget-image\" data-id=\"b645994\" data-element_type=\"widget\" data-widget_type=\"image.default\">\n\t\t\t\t<div class=\"elementor-widget-container\">\n\t\t\t\t\t\t\t\t\t\t\t\t\t<img loading=\"lazy\" decoding=\"async\" width=\"1024\" height=\"304\" src=\"https:\/\/erabranding.com.br\/wp-content\/uploads\/2024\/10\/todas-as-marcas-1024x304.png\" class=\"attachment-large size-large wp-image-551\" alt=\"\" srcset=\"https:\/\/erabranding.com.br\/wp-content\/uploads\/2024\/10\/todas-as-marcas-1024x304.png 1024w, https:\/\/erabranding.com.br\/wp-content\/uploads\/2024\/10\/todas-as-marcas-300x89.png 300w, https:\/\/erabranding.com.br\/wp-content\/uploads\/2024\/10\/todas-as-marcas-768x228.png 768w, https:\/\/erabranding.com.br\/wp-content\/uploads\/2024\/10\/todas-as-marcas.png 1184w\" sizes=\"(max-width: 1024px) 100vw, 1024px\" \/>\t\t\t\t\t\t\t\t\t\t\t\t\t<\/div>\n\t\t\t\t<\/div>\n\t\t\t\t<\/div>\n\t\t\t\t<div class=\"elementor-element elementor-element-2627291 elementor-widget elementor-widget-spacer\" data-id=\"2627291\" data-element_type=\"widget\" data-widget_type=\"spacer.default\">\n\t\t\t\t<div class=\"elementor-widget-container\">\n\t\t\t\t\t<div class=\"elementor-spacer\">\n\t\t\t<div class=\"elementor-spacer-inner\"><\/div>\n\t\t<\/div>\n\t\t\t\t<\/div>\n\t\t\t\t<\/div>\n\t\t\t\t\t<\/div>\n\t\t\t\t<\/div>\n\t\t<div class=\"elementor-element elementor-element-2257cbe e-flex e-con-boxed e-con e-parent\" data-id=\"2257cbe\" data-element_type=\"container\" data-settings=\"{&quot;background_background&quot;:&quot;classic&quot;}\">\n\t\t\t\t\t<div class=\"e-con-inner\">\n\t\t\t\t\t<\/div>\n\t\t\t\t<\/div>\n\t\t<div class=\"elementor-element elementor-element-ee60dd0 e-flex e-con-boxed e-con e-parent\" data-id=\"ee60dd0\" data-element_type=\"container\" data-settings=\"{&quot;background_background&quot;:&quot;classic&quot;}\">\n\t\t\t\t\t<div class=\"e-con-inner\">\n\t\t\t\t<div class=\"elementor-element elementor-element-eea38f2 elementor-widget elementor-widget-spacer\" data-id=\"eea38f2\" data-element_type=\"widget\" data-widget_type=\"spacer.default\">\n\t\t\t\t<div class=\"elementor-widget-container\">\n\t\t\t\t\t<div class=\"elementor-spacer\">\n\t\t\t<div class=\"elementor-spacer-inner\"><\/div>\n\t\t<\/div>\n\t\t\t\t<\/div>\n\t\t\t\t<\/div>\n\t\t\t\t\t<\/div>\n\t\t\t\t<\/div>\n\t\t\t\t<\/div>\n\t\t","protected":false},"excerpt":{"rendered":"<p>uma marca na sua hist\u00f3ria https:\/\/www.youtube.com\/watch?v=XHOmBV4js_E entregamos posicionamento de marca FALE CONOSCO nossos projetos nossos servi\u00e7os FALE CONOSCO quem somos [&hellip;]<\/p>\n","protected":false},"author":1,"featured_media":0,"parent":0,"menu_order":0,"comment_status":"closed","ping_status":"closed","template":"","meta":{"site-sidebar-layout":"no-sidebar","site-content-layout":"","ast-site-content-layout":"full-width-container","site-content-style":"default","site-sidebar-style":"default","ast-global-header-display":"","ast-banner-title-visibility":"","ast-main-header-display":"","ast-hfb-above-header-display":"","ast-hfb-below-header-display":"","ast-hfb-mobile-header-display":"","site-post-title":"disabled","ast-breadcrumbs-content":"","ast-featured-img":"disabled","footer-sml-layout":"disabled","theme-transparent-header-meta":"","adv-header-id-meta":"","stick-header-meta":"","header-above-stick-meta":"","header-main-stick-meta":"","header-below-stick-meta":"","astra-migrate-meta-layouts":"default","ast-page-background-enabled":"default","ast-page-background-meta":{"desktop":{"background-color":"var(--ast-global-color-4)","background-image":"","background-repeat":"repeat","background-position":"center center","background-size":"auto","background-attachment":"scroll","background-type":"","background-media":"","overlay-type":"","overlay-color":"","overlay-opacity":"","overlay-gradient":""},"tablet":{"background-color":"","background-image":"","background-repeat":"repeat","background-position":"center center","background-size":"auto","background-attachment":"scroll","background-type":"","background-media":"","overlay-type":"","overlay-color":"","overlay-opacity":"","overlay-gradient":""},"mobile":{"background-color":"","background-image":"","background-repeat":"repeat","background-position":"center center","background-size":"auto","background-attachment":"scroll","background-type":"","background-media":"","overlay-type":"","overlay-color":"","overlay-opacity":"","overlay-gradient":""}},"ast-content-background-meta":{"desktop":{"background-color":"var(--ast-global-color-5)","background-image":"","background-repeat":"repeat","background-position":"center center","background-size":"auto","background-attachment":"scroll","background-type":"","background-media":"","overlay-type":"","overlay-color":"","overlay-opacity":"","overlay-gradient":""},"tablet":{"background-color":"var(--ast-global-color-5)","background-image":"","background-repeat":"repeat","background-position":"center center","background-size":"auto","background-attachment":"scroll","background-type":"","background-media":"","overlay-type":"","overlay-color":"","overlay-opacity":"","overlay-gradient":""},"mobile":{"background-color":"var(--ast-global-color-5)","background-image":"","background-repeat":"repeat","background-position":"center center","background-size":"auto","background-attachment":"scroll","background-type":"","background-media":"","overlay-type":"","overlay-color":"","overlay-opacity":"","overlay-gradient":""}},"footnotes":""},"class_list":["post-395","page","type-page","status-publish","hentry"],"_links":{"self":[{"href":"https:\/\/erabranding.com.br\/index.php?rest_route=\/wp\/v2\/pages\/395","targetHints":{"allow":["GET"]}}],"collection":[{"href":"https:\/\/erabranding.com.br\/index.php?rest_route=\/wp\/v2\/pages"}],"about":[{"href":"https:\/\/erabranding.com.br\/index.php?rest_route=\/wp\/v2\/types\/page"}],"author":[{"embeddable":true,"href":"https:\/\/erabranding.com.br\/index.php?rest_route=\/wp\/v2\/users\/1"}],"replies":[{"embeddable":true,"href":"https:\/\/erabranding.com.br\/index.php?rest_route=%2Fwp%2Fv2%2Fcomments&post=395"}],"version-history":[{"count":99,"href":"https:\/\/erabranding.com.br\/index.php?rest_route=\/wp\/v2\/pages\/395\/revisions"}],"predecessor-version":[{"id":626,"href":"https:\/\/erabranding.com.br\/index.php?rest_route=\/wp\/v2\/pages\/395\/revisions\/626"}],"wp:attachment":[{"href":"https:\/\/erabranding.com.br\/index.php?rest_route=%2Fwp%2Fv2%2Fmedia&parent=395"}],"curies":[{"name":"wp","href":"https:\/\/api.w.org\/{rel}","templated":true}]}}