{"id":397,"date":"2024-08-08T20:44:05","date_gmt":"2024-08-08T20:44:05","guid":{"rendered":"https:\/\/erabranding.com.br\/?page_id=397"},"modified":"2024-08-08T21:39:26","modified_gmt":"2024-08-08T21:39:26","slug":"studio","status":"publish","type":"page","link":"https:\/\/erabranding.com.br\/?page_id=397","title":{"rendered":"StudioCombinado"},"content":{"rendered":"\t\t<div data-elementor-type=\"wp-page\" data-elementor-id=\"397\" class=\"elementor elementor-397\">\n\t\t\t\t<div class=\"elementor-element elementor-element-cdf241b e-flex e-con-boxed e-con e-parent\" data-id=\"cdf241b\" data-element_type=\"container\" data-settings=\"{&quot;background_background&quot;:&quot;classic&quot;}\">\n\t\t\t\t\t<div class=\"e-con-inner\">\n\t\t\t\t<div class=\"elementor-element elementor-element-b70ab13 elementor-widget__width-initial elementor-widget elementor-widget-heading\" data-id=\"b70ab13\" data-element_type=\"widget\" data-widget_type=\"heading.default\">\n\t\t\t\t<div class=\"elementor-widget-container\">\n\t\t\t<h2 class=\"elementor-heading-title elementor-size-default\">Quanto vale transformar oportunidades <b> em resultados concretos?<\/h2>\t\t<\/div>\n\t\t\t\t<\/div>\n\t\t\t\t\t<\/div>\n\t\t\t\t<\/div>\n\t\t<div class=\"elementor-element elementor-element-78b4e19 e-flex e-con-boxed e-con e-parent\" data-id=\"78b4e19\" data-element_type=\"container\">\n\t\t\t\t\t<div class=\"e-con-inner\">\n\t\t\t\t<div class=\"elementor-element elementor-element-894a740 elementor-widget__width-initial elementor-widget elementor-widget-text-editor\" data-id=\"894a740\" data-element_type=\"widget\" data-widget_type=\"text-editor.default\">\n\t\t\t\t<div class=\"elementor-widget-container\">\n\t\t\t\t\t\t\t<p>Somos um escrit\u00f3rio de marketing formado por especialistas com experi\u00eancias distintas que fazem a Studio Combinado.<\/p>\t\t\t\t\t\t<\/div>\n\t\t\t\t<\/div>\n\t\t\t\t<div class=\"elementor-element elementor-element-a44e7bd elementor-align-center elementor-widget elementor-widget-button\" data-id=\"a44e7bd\" data-element_type=\"widget\" data-widget_type=\"button.default\">\n\t\t\t\t<div class=\"elementor-widget-container\">\n\t\t\t\t\t\t\t<div class=\"elementor-button-wrapper\">\n\t\t\t\t\t<a class=\"elementor-button elementor-button-link elementor-size-sm\" href=\"#\">\n\t\t\t\t\t\t<span class=\"elementor-button-content-wrapper\">\n\t\t\t\t\t\t\t\t\t<span class=\"elementor-button-text\">FALE COM A GENTE<\/span>\n\t\t\t\t\t<\/span>\n\t\t\t\t\t<\/a>\n\t\t\t\t<\/div>\n\t\t\t\t\t\t<\/div>\n\t\t\t\t<\/div>\n\t\t\t\t\t<\/div>\n\t\t\t\t<\/div>\n\t\t<div class=\"elementor-element elementor-element-c5ebecf e-con-full e-flex e-con e-parent\" data-id=\"c5ebecf\" data-element_type=\"container\">\n\t\t\t\t<div class=\"elementor-element elementor-element-46eb374 elementor-widget elementor-widget-image\" data-id=\"46eb374\" data-element_type=\"widget\" data-widget_type=\"image.default\">\n\t\t\t\t<div class=\"elementor-widget-container\">\n\t\t\t\t\t\t\t\t\t\t\t\t\t<img fetchpriority=\"high\" decoding=\"async\" width=\"1919\" height=\"659\" src=\"https:\/\/erabranding.com.br\/wp-content\/uploads\/2024\/08\/home-banner-somos-estrategia-gestao.webp\" class=\"attachment-full size-full wp-image-441\" alt=\"\" srcset=\"https:\/\/erabranding.com.br\/wp-content\/uploads\/2024\/08\/home-banner-somos-estrategia-gestao.webp 1919w, https:\/\/erabranding.com.br\/wp-content\/uploads\/2024\/08\/home-banner-somos-estrategia-gestao-300x103.webp 300w, https:\/\/erabranding.com.br\/wp-content\/uploads\/2024\/08\/home-banner-somos-estrategia-gestao-1024x352.webp 1024w, https:\/\/erabranding.com.br\/wp-content\/uploads\/2024\/08\/home-banner-somos-estrategia-gestao-768x264.webp 768w, https:\/\/erabranding.com.br\/wp-content\/uploads\/2024\/08\/home-banner-somos-estrategia-gestao-1536x527.webp 1536w\" sizes=\"(max-width: 1919px) 100vw, 1919px\" \/>\t\t\t\t\t\t\t\t\t\t\t\t\t<\/div>\n\t\t\t\t<\/div>\n\t\t\t\t<\/div>\n\t\t<div class=\"elementor-element elementor-element-c1e66cd e-flex e-con-boxed e-con e-parent\" data-id=\"c1e66cd\" data-element_type=\"container\" data-settings=\"{&quot;background_background&quot;:&quot;classic&quot;}\">\n\t\t\t\t\t<div class=\"e-con-inner\">\n\t\t<div class=\"elementor-element elementor-element-6c14dc4 e-con-full e-flex e-con e-child\" data-id=\"6c14dc4\" data-element_type=\"container\">\n\t\t\t\t<div class=\"elementor-element elementor-element-585ef35 elementor-widget__width-initial elementor-widget elementor-widget-text-editor\" data-id=\"585ef35\" data-element_type=\"widget\" data-widget_type=\"text-editor.default\">\n\t\t\t\t<div class=\"elementor-widget-container\">\n\t\t\t\t\t\t\t<p>Nosso prop\u00f3sito \u00e9 criar, desenvolver, implementar e gerenciar<strong> solu\u00e7\u00f5es sob medida para o seu neg\u00f3cio.<\/strong><\/p>\t\t\t\t\t\t<\/div>\n\t\t\t\t<\/div>\n\t\t\t\t<\/div>\n\t\t\t\t<div class=\"elementor-element elementor-element-f9cbf06 elementor-widget elementor-widget-image\" data-id=\"f9cbf06\" data-element_type=\"widget\" data-widget_type=\"image.default\">\n\t\t\t\t<div class=\"elementor-widget-container\">\n\t\t\t\t\t\t\t\t\t\t\t\t\t<img decoding=\"async\" width=\"905\" height=\"700\" src=\"https:\/\/erabranding.com.br\/wp-content\/uploads\/2024\/08\/home-foto-os4-laptop.webp\" class=\"attachment-full size-full wp-image-449\" alt=\"\" srcset=\"https:\/\/erabranding.com.br\/wp-content\/uploads\/2024\/08\/home-foto-os4-laptop.webp 905w, https:\/\/erabranding.com.br\/wp-content\/uploads\/2024\/08\/home-foto-os4-laptop-300x232.webp 300w, https:\/\/erabranding.com.br\/wp-content\/uploads\/2024\/08\/home-foto-os4-laptop-768x594.webp 768w\" sizes=\"(max-width: 905px) 100vw, 905px\" \/>\t\t\t\t\t\t\t\t\t\t\t\t\t<\/div>\n\t\t\t\t<\/div>\n\t\t\t\t\t<\/div>\n\t\t\t\t<\/div>\n\t\t<div class=\"elementor-element elementor-element-deb477b e-flex e-con-boxed e-con e-parent\" data-id=\"deb477b\" data-element_type=\"container\">\n\t\t\t\t\t<div class=\"e-con-inner\">\n\t\t\t\t<div class=\"elementor-element elementor-element-3685c57 elementor-widget__width-initial elementor-widget elementor-widget-text-editor\" data-id=\"3685c57\" data-element_type=\"widget\" data-widget_type=\"text-editor.default\">\n\t\t\t\t<div class=\"elementor-widget-container\">\n\t\t\t\t\t\t\t<p>Temos experi\u00eancia com empresas de diversos segmentos e tamanhos:<\/p>\t\t\t\t\t\t<\/div>\n\t\t\t\t<\/div>\n\t\t\t\t\t<\/div>\n\t\t\t\t<\/div>\n\t\t<div class=\"elementor-element elementor-element-fb43de5 e-flex e-con-boxed e-con e-parent\" data-id=\"fb43de5\" data-element_type=\"container\">\n\t\t\t\t\t<div class=\"e-con-inner\">\n\t\t\t\t<div class=\"elementor-element elementor-element-add1c4d elementor-widget elementor-widget-image\" data-id=\"add1c4d\" data-element_type=\"widget\" data-widget_type=\"image.default\">\n\t\t\t\t<div class=\"elementor-widget-container\">\n\t\t\t\t\t\t\t\t\t\t\t\t\t<img decoding=\"async\" width=\"768\" height=\"409\" src=\"https:\/\/erabranding.com.br\/wp-content\/uploads\/2024\/08\/Home-painel-empresas-com-fundo-branco-768x409.webp\" class=\"attachment-medium_large size-medium_large wp-image-465\" alt=\"\" srcset=\"https:\/\/erabranding.com.br\/wp-content\/uploads\/2024\/08\/Home-painel-empresas-com-fundo-branco-768x409.webp 768w, https:\/\/erabranding.com.br\/wp-content\/uploads\/2024\/08\/Home-painel-empresas-com-fundo-branco-300x160.webp 300w, https:\/\/erabranding.com.br\/wp-content\/uploads\/2024\/08\/Home-painel-empresas-com-fundo-branco-1024x545.webp 1024w, https:\/\/erabranding.com.br\/wp-content\/uploads\/2024\/08\/Home-painel-empresas-com-fundo-branco.webp 1190w\" sizes=\"(max-width: 768px) 100vw, 768px\" \/>\t\t\t\t\t\t\t\t\t\t\t\t\t<\/div>\n\t\t\t\t<\/div>\n\t\t\t\t\t<\/div>\n\t\t\t\t<\/div>\n\t\t\t\t<\/div>\n\t\t","protected":false},"excerpt":{"rendered":"<p>Quanto vale transformar oportunidades em resultados concretos? Somos um escrit\u00f3rio de marketing formado por especialistas com experi\u00eancias distintas que fazem [&hellip;]<\/p>\n","protected":false},"author":1,"featured_media":0,"parent":0,"menu_order":0,"comment_status":"closed","ping_status":"closed","template":"","meta":{"site-sidebar-layout":"no-sidebar","site-content-layout":"","ast-site-content-layout":"full-width-container","site-content-style":"default","site-sidebar-style":"default","ast-global-header-display":"","ast-banner-title-visibility":"","ast-main-header-display":"","ast-hfb-above-header-display":"","ast-hfb-below-header-display":"","ast-hfb-mobile-header-display":"","site-post-title":"disabled","ast-breadcrumbs-content":"","ast-featured-img":"disabled","footer-sml-layout":"","theme-transparent-header-meta":"","adv-header-id-meta":"","stick-header-meta":"","header-above-stick-meta":"","header-main-stick-meta":"","header-below-stick-meta":"","astra-migrate-meta-layouts":"default","ast-page-background-enabled":"default","ast-page-background-meta":{"desktop":{"background-color":"var(--ast-global-color-4)","background-image":"","background-repeat":"repeat","background-position":"center center","background-size":"auto","background-attachment":"scroll","background-type":"","background-media":"","overlay-type":"","overlay-color":"","overlay-opacity":"","overlay-gradient":""},"tablet":{"background-color":"","background-image":"","background-repeat":"repeat","background-position":"center center","background-size":"auto","background-attachment":"scroll","background-type":"","background-media":"","overlay-type":"","overlay-color":"","overlay-opacity":"","overlay-gradient":""},"mobile":{"background-color":"","background-image":"","background-repeat":"repeat","background-position":"center center","background-size":"auto","background-attachment":"scroll","background-type":"","background-media":"","overlay-type":"","overlay-color":"","overlay-opacity":"","overlay-gradient":""}},"ast-content-background-meta":{"desktop":{"background-color":"var(--ast-global-color-5)","background-image":"","background-repeat":"repeat","background-position":"center center","background-size":"auto","background-attachment":"scroll","background-type":"","background-media":"","overlay-type":"","overlay-color":"","overlay-opacity":"","overlay-gradient":""},"tablet":{"background-color":"var(--ast-global-color-5)","background-image":"","background-repeat":"repeat","background-position":"center center","background-size":"auto","background-attachment":"scroll","background-type":"","background-media":"","overlay-type":"","overlay-color":"","overlay-opacity":"","overlay-gradient":""},"mobile":{"background-color":"var(--ast-global-color-5)","background-image":"","background-repeat":"repeat","background-position":"center center","background-size":"auto","background-attachment":"scroll","background-type":"","background-media":"","overlay-type":"","overlay-color":"","overlay-opacity":"","overlay-gradient":""}},"footnotes":""},"class_list":["post-397","page","type-page","status-publish","hentry"],"_links":{"self":[{"href":"https:\/\/erabranding.com.br\/index.php?rest_route=\/wp\/v2\/pages\/397","targetHints":{"allow":["GET"]}}],"collection":[{"href":"https:\/\/erabranding.com.br\/index.php?rest_route=\/wp\/v2\/pages"}],"about":[{"href":"https:\/\/erabranding.com.br\/index.php?rest_route=\/wp\/v2\/types\/page"}],"author":[{"embeddable":true,"href":"https:\/\/erabranding.com.br\/index.php?rest_route=\/wp\/v2\/users\/1"}],"replies":[{"embeddable":true,"href":"https:\/\/erabranding.com.br\/index.php?rest_route=%2Fwp%2Fv2%2Fcomments&post=397"}],"version-history":[{"count":56,"href":"https:\/\/erabranding.com.br\/index.php?rest_route=\/wp\/v2\/pages\/397\/revisions"}],"predecessor-version":[{"id":469,"href":"https:\/\/erabranding.com.br\/index.php?rest_route=\/wp\/v2\/pages\/397\/revisions\/469"}],"wp:attachment":[{"href":"https:\/\/erabranding.com.br\/index.php?rest_route=%2Fwp%2Fv2%2Fmedia&parent=397"}],"curies":[{"name":"wp","href":"https:\/\/api.w.org\/{rel}","templated":true}]}}