{"id":508,"date":"2024-09-16T13:43:30","date_gmt":"2024-09-16T13:43:30","guid":{"rendered":"https:\/\/erabranding.com.br\/?page_id=508"},"modified":"2024-09-16T13:48:01","modified_gmt":"2024-09-16T13:48:01","slug":"home-estamos-em-construcao","status":"publish","type":"page","link":"https:\/\/erabranding.com.br\/","title":{"rendered":"Home &#8211; estamos em constru\u00e7\u00e3o"},"content":{"rendered":"\t\t<div data-elementor-type=\"wp-page\" data-elementor-id=\"508\" class=\"elementor elementor-508\">\n\t\t\t\t<div class=\"elementor-element elementor-element-736ba85 e-flex e-con-boxed e-con e-parent\" data-id=\"736ba85\" data-element_type=\"container\" data-settings=\"{&quot;background_background&quot;:&quot;classic&quot;}\">\n\t\t\t\t\t<div class=\"e-con-inner\">\n\t\t\t\t<div class=\"elementor-element elementor-element-7c259de elementor-widget elementor-widget-image\" data-id=\"7c259de\" data-element_type=\"widget\" data-widget_type=\"image.default\">\n\t\t\t\t<div class=\"elementor-widget-container\">\n\t\t\t\t\t\t\t\t\t\t\t\t\t<img fetchpriority=\"high\" decoding=\"async\" width=\"1024\" height=\"1024\" src=\"https:\/\/erabranding.com.br\/wp-content\/uploads\/2024\/08\/ERA_branco-1024x1024.png\" class=\"attachment-large size-large wp-image-475\" alt=\"\" srcset=\"https:\/\/erabranding.com.br\/wp-content\/uploads\/2024\/08\/ERA_branco-1024x1024.png 1024w, https:\/\/erabranding.com.br\/wp-content\/uploads\/2024\/08\/ERA_branco-300x300.png 300w, https:\/\/erabranding.com.br\/wp-content\/uploads\/2024\/08\/ERA_branco-150x150.png 150w, https:\/\/erabranding.com.br\/wp-content\/uploads\/2024\/08\/ERA_branco-768x768.png 768w, https:\/\/erabranding.com.br\/wp-content\/uploads\/2024\/08\/ERA_branco-1536x1536.png 1536w, https:\/\/erabranding.com.br\/wp-content\/uploads\/2024\/08\/ERA_branco.png 2000w\" sizes=\"(max-width: 1024px) 100vw, 1024px\" \/>\t\t\t\t\t\t\t\t\t\t\t\t\t<\/div>\n\t\t\t\t<\/div>\n\t\t\t\t\t<\/div>\n\t\t\t\t<\/div>\n\t\t<div class=\"elementor-element elementor-element-51502ed e-flex e-con-boxed e-con e-parent\" data-id=\"51502ed\" data-element_type=\"container\" data-settings=\"{&quot;background_background&quot;:&quot;classic&quot;}\">\n\t\t\t\t\t<div class=\"e-con-inner\">\n\t\t\t\t<div class=\"elementor-element elementor-element-66ddc55 elementor-widget-tablet__width-initial elementor-widget-mobile__width-initial elementor-widget elementor-widget-text-editor\" data-id=\"66ddc55\" data-element_type=\"widget\" data-widget_type=\"text-editor.default\">\n\t\t\t\t<div class=\"elementor-widget-container\">\n\t\t\t\t\t\t\t<p>Ol\u00e1! Nosso site est\u00e1 em constru\u00e7\u00e3o.<\/p>\t\t\t\t\t\t<\/div>\n\t\t\t\t<\/div>\n\t\t\t\t\t<\/div>\n\t\t\t\t<\/div>\n\t\t<div class=\"elementor-element elementor-element-f39cf4d e-flex e-con-boxed e-con e-parent\" data-id=\"f39cf4d\" data-element_type=\"container\" data-settings=\"{&quot;background_background&quot;:&quot;classic&quot;}\">\n\t\t\t\t\t<div class=\"e-con-inner\">\n\t\t<div class=\"elementor-element elementor-element-8823bb7 e-con-full e-flex e-con e-child\" data-id=\"8823bb7\" data-element_type=\"container\" data-settings=\"{&quot;background_background&quot;:&quot;classic&quot;}\">\n\t\t\t\t<div class=\"elementor-element elementor-element-ee39347 elementor-widget elementor-widget-heading\" data-id=\"ee39347\" data-element_type=\"widget\" data-widget_type=\"heading.default\">\n\t\t\t\t<div class=\"elementor-widget-container\">\n\t\t\t<h2 class=\"elementor-heading-title elementor-size-default\">SERVI\u00c7OS<\/h2>\t\t<\/div>\n\t\t\t\t<\/div>\n\t\t\t\t<div class=\"elementor-element elementor-element-b407fe5 elementor-widget__width-initial elementor-widget elementor-widget-image\" data-id=\"b407fe5\" data-element_type=\"widget\" data-widget_type=\"image.default\">\n\t\t\t\t<div class=\"elementor-widget-container\">\n\t\t\t\t\t\t\t\t\t\t\t\t\t<img decoding=\"async\" width=\"1024\" height=\"1024\" src=\"https:\/\/erabranding.com.br\/wp-content\/uploads\/2024\/08\/E_branco-1024x1024.png\" class=\"attachment-large size-large wp-image-471\" alt=\"\" srcset=\"https:\/\/erabranding.com.br\/wp-content\/uploads\/2024\/08\/E_branco-1024x1024.png 1024w, https:\/\/erabranding.com.br\/wp-content\/uploads\/2024\/08\/E_branco-300x300.png 300w, https:\/\/erabranding.com.br\/wp-content\/uploads\/2024\/08\/E_branco-150x150.png 150w, https:\/\/erabranding.com.br\/wp-content\/uploads\/2024\/08\/E_branco-768x768.png 768w, https:\/\/erabranding.com.br\/wp-content\/uploads\/2024\/08\/E_branco-1536x1536.png 1536w, https:\/\/erabranding.com.br\/wp-content\/uploads\/2024\/08\/E_branco.png 2000w\" sizes=\"(max-width: 1024px) 100vw, 1024px\" \/>\t\t\t\t\t\t\t\t\t\t\t\t\t<\/div>\n\t\t\t\t<\/div>\n\t\t\t\t<\/div>\n\t\t<div class=\"elementor-element elementor-element-0081a8f e-con-full e-flex e-con e-child\" data-id=\"0081a8f\" data-element_type=\"container\">\n\t\t\t\t<div class=\"elementor-element elementor-element-8cd2046 elementor-widget-mobile__width-initial elementor-widget elementor-widget-text-editor\" data-id=\"8cd2046\" data-element_type=\"widget\" data-widget_type=\"text-editor.default\">\n\t\t\t\t<div class=\"elementor-widget-container\">\n\t\t\t\t\t\t\t<p>\u00b7 Identidade Visual<br \/>\u00b7 Branding<br \/>\u00b7 Constru\u00e7\u00e3o de site<br \/>\u00b7 Direcionamento visual para ecommerce<br \/>\u00b7 Motion Graphics<br \/>\u00b7 Produ\u00e7\u00e3o audiovisual para redes sociais<br \/>\u00b7 Experi\u00eancia de marcas em eventos<\/p>\t\t\t\t\t\t<\/div>\n\t\t\t\t<\/div>\n\t\t\t\t<\/div>\n\t\t\t\t\t<\/div>\n\t\t\t\t<\/div>\n\t\t<div class=\"elementor-element elementor-element-2b812fa e-grid e-con-boxed e-con e-parent\" data-id=\"2b812fa\" data-element_type=\"container\" data-settings=\"{&quot;background_background&quot;:&quot;classic&quot;}\">\n\t\t\t\t\t<div class=\"e-con-inner\">\n\t\t\t\t<div class=\"elementor-element elementor-element-fa2f7fb elementor-align-right elementor-widget elementor-widget-button\" data-id=\"fa2f7fb\" data-element_type=\"widget\" data-widget_type=\"button.default\">\n\t\t\t\t<div class=\"elementor-widget-container\">\n\t\t\t\t\t\t\t<div class=\"elementor-button-wrapper\">\n\t\t\t\t\t<a class=\"elementor-button elementor-button-link elementor-size-sm\" href=\"https:\/\/wa.me\/5521997085699?text=Ol%C3%A1!%20Vim%20pelo%20site%20e%20quero%20mais%20informa%C3%A7%C3%B5es%20sobre%20o%20servi%C3%A7o:%20%5Bpreencha%20aqui%20o%20que%20voc%C3%AA%20procura%5D\">\n\t\t\t\t\t\t<span class=\"elementor-button-content-wrapper\">\n\t\t\t\t\t\t\t\t\t<span class=\"elementor-button-text\">FALE COM A GENTE<\/span>\n\t\t\t\t\t<\/span>\n\t\t\t\t\t<\/a>\n\t\t\t\t<\/div>\n\t\t\t\t\t\t<\/div>\n\t\t\t\t<\/div>\n\t\t\t\t<div class=\"elementor-element elementor-element-4dbf87d elementor-widget elementor-widget-button\" data-id=\"4dbf87d\" data-element_type=\"widget\" data-widget_type=\"button.default\">\n\t\t\t\t<div class=\"elementor-widget-container\">\n\t\t\t\t\t\t\t<div class=\"elementor-button-wrapper\">\n\t\t\t\t\t<a class=\"elementor-button elementor-button-link elementor-size-sm\" href=\"https:\/\/erabranding.myportfolio.com\/\">\n\t\t\t\t\t\t<span class=\"elementor-button-content-wrapper\">\n\t\t\t\t\t\t\t\t\t<span class=\"elementor-button-text\">NOSSO PORTF\u00d3LIO<\/span>\n\t\t\t\t\t<\/span>\n\t\t\t\t\t<\/a>\n\t\t\t\t<\/div>\n\t\t\t\t\t\t<\/div>\n\t\t\t\t<\/div>\n\t\t\t\t\t<\/div>\n\t\t\t\t<\/div>\n\t\t<div class=\"elementor-element elementor-element-af8e41d e-flex e-con-boxed e-con e-parent\" data-id=\"af8e41d\" data-element_type=\"container\" data-settings=\"{&quot;background_background&quot;:&quot;classic&quot;}\">\n\t\t\t\t\t<div class=\"e-con-inner\">\n\t\t\t\t<div class=\"elementor-element elementor-element-1b3bfc3 elementor-widget elementor-widget-text-editor\" data-id=\"1b3bfc3\" data-element_type=\"widget\" data-widget_type=\"text-editor.default\">\n\t\t\t\t<div class=\"elementor-widget-container\">\n\t\t\t\t\t\t\t\u00a9 2024 Era Branding Todos os Direitos Reservados | CNPJ: 46.136.995\/0001-13 | Desenvolvido por @era.branding\t\t\t\t\t\t<\/div>\n\t\t\t\t<\/div>\n\t\t\t\t\t<\/div>\n\t\t\t\t<\/div>\n\t\t\t\t<\/div>\n\t\t","protected":false},"excerpt":{"rendered":"<p>Ol\u00e1! Nosso site est\u00e1 em constru\u00e7\u00e3o. SERVI\u00c7OS \u00b7 Identidade Visual\u00b7 Branding\u00b7 Constru\u00e7\u00e3o de site\u00b7 Direcionamento visual para ecommerce\u00b7 Motion Graphics\u00b7 [&hellip;]<\/p>\n","protected":false},"author":1,"featured_media":0,"parent":0,"menu_order":0,"comment_status":"closed","ping_status":"closed","template":"","meta":{"site-sidebar-layout":"no-sidebar","site-content-layout":"","ast-site-content-layout":"full-width-container","site-content-style":"default","site-sidebar-style":"default","ast-global-header-display":"","ast-banner-title-visibility":"","ast-main-header-display":"","ast-hfb-above-header-display":"","ast-hfb-below-header-display":"","ast-hfb-mobile-header-display":"","site-post-title":"disabled","ast-breadcrumbs-content":"","ast-featured-img":"disabled","footer-sml-layout":"disabled","theme-transparent-header-meta":"","adv-header-id-meta":"","stick-header-meta":"","header-above-stick-meta":"","header-main-stick-meta":"","header-below-stick-meta":"","astra-migrate-meta-layouts":"default","ast-page-background-enabled":"default","ast-page-background-meta":{"desktop":{"background-color":"var(--ast-global-color-4)","background-image":"","background-repeat":"repeat","background-position":"center center","background-size":"auto","background-attachment":"scroll","background-type":"","background-media":"","overlay-type":"","overlay-color":"","overlay-opacity":"","overlay-gradient":""},"tablet":{"background-color":"","background-image":"","background-repeat":"repeat","background-position":"center center","background-size":"auto","background-attachment":"scroll","background-type":"","background-media":"","overlay-type":"","overlay-color":"","overlay-opacity":"","overlay-gradient":""},"mobile":{"background-color":"","background-image":"","background-repeat":"repeat","background-position":"center center","background-size":"auto","background-attachment":"scroll","background-type":"","background-media":"","overlay-type":"","overlay-color":"","overlay-opacity":"","overlay-gradient":""}},"ast-content-background-meta":{"desktop":{"background-color":"var(--ast-global-color-5)","background-image":"","background-repeat":"repeat","background-position":"center center","background-size":"auto","background-attachment":"scroll","background-type":"","background-media":"","overlay-type":"","overlay-color":"","overlay-opacity":"","overlay-gradient":""},"tablet":{"background-color":"var(--ast-global-color-5)","background-image":"","background-repeat":"repeat","background-position":"center center","background-size":"auto","background-attachment":"scroll","background-type":"","background-media":"","overlay-type":"","overlay-color":"","overlay-opacity":"","overlay-gradient":""},"mobile":{"background-color":"var(--ast-global-color-5)","background-image":"","background-repeat":"repeat","background-position":"center center","background-size":"auto","background-attachment":"scroll","background-type":"","background-media":"","overlay-type":"","overlay-color":"","overlay-opacity":"","overlay-gradient":""}},"footnotes":""},"class_list":["post-508","page","type-page","status-publish","hentry"],"_links":{"self":[{"href":"https:\/\/erabranding.com.br\/index.php?rest_route=\/wp\/v2\/pages\/508","targetHints":{"allow":["GET"]}}],"collection":[{"href":"https:\/\/erabranding.com.br\/index.php?rest_route=\/wp\/v2\/pages"}],"about":[{"href":"https:\/\/erabranding.com.br\/index.php?rest_route=\/wp\/v2\/types\/page"}],"author":[{"embeddable":true,"href":"https:\/\/erabranding.com.br\/index.php?rest_route=\/wp\/v2\/users\/1"}],"replies":[{"embeddable":true,"href":"https:\/\/erabranding.com.br\/index.php?rest_route=%2Fwp%2Fv2%2Fcomments&post=508"}],"version-history":[{"count":7,"href":"https:\/\/erabranding.com.br\/index.php?rest_route=\/wp\/v2\/pages\/508\/revisions"}],"predecessor-version":[{"id":515,"href":"https:\/\/erabranding.com.br\/index.php?rest_route=\/wp\/v2\/pages\/508\/revisions\/515"}],"wp:attachment":[{"href":"https:\/\/erabranding.com.br\/index.php?rest_route=%2Fwp%2Fv2%2Fmedia&parent=508"}],"curies":[{"name":"wp","href":"https:\/\/api.w.org\/{rel}","templated":true}]}}